{"id":11445,"date":"2022-02-15T14:44:17","date_gmt":"2022-02-15T14:44:17","guid":{"rendered":"https:\/\/transparenciamirex2022.mirex.local\/?page_id=11445"},"modified":"2025-09-17T15:47:55","modified_gmt":"2025-09-17T15:47:55","slug":"declaraciones-juradas","status":"publish","type":"page","link":"https:\/\/www.inesdyc.edu.do\/transparencia\/declaraciones-juradas\/","title":{"rendered":"Declaraciones Juradas"},"content":{"rendered":"\t\t<div data-elementor-type=\"wp-page\" data-elementor-id=\"11445\" class=\"elementor elementor-11445\" data-elementor-post-type=\"page\">\n\t\t\t\t\t\t<section class=\"elementor-section elementor-top-section elementor-element elementor-element-8a7ed92 elementor-section-boxed elementor-section-height-default elementor-section-height-default wpr-particle-no wpr-jarallax-no wpr-parallax-no wpr-sticky-section-no\" data-id=\"8a7ed92\" data-element_type=\"section\">\n\t\t\t\t\t\t<div class=\"elementor-container elementor-column-gap-default\">\n\t\t\t\t\t<div class=\"elementor-column elementor-col-100 elementor-top-column elementor-element elementor-element-39b155c\" data-id=\"39b155c\" data-element_type=\"column\">\n\t\t\t<div class=\"elementor-widget-wrap elementor-element-populated\">\n\t\t\t\t\t\t<div class=\"elementor-element elementor-element-6b5256b elementor-widget elementor-widget-text-editor\" data-id=\"6b5256b\" data-element_type=\"widget\" data-widget_type=\"text-editor.default\">\n\t\t\t\t<div class=\"elementor-widget-container\">\n\t\t\t\t\t\t\t<p>LOS DATOS PERSONALES HAN SIDO PROTEGIDOS DE CONFORMIDAD CON EL ART.18 DE LA LEY 200-04 DE LIBRE ACCESO INFORMACI\u00d3N P\u00daBLICA, D\/F 28 DE JULIO DE 2004 Y EL ART. 28 DE SU REGLAMENTO DE APLICACI\u00d3N, APROBADO MEDIANTE DECRETO 130-05, D\/F 25 DE FEBRERO DE 2005.<\/p><p><a href=\"https:\/\/djurada.camaradecuentas.gob.do\/DJP_OJO_CIUDADANO\/pgReportesDJPExternos.aspx\">Consulta P\u00fablica de Declaraciones Juradas de Patrimonio de la C\u00e1mara de Cuentas de la Rep\u00fablica Dominicana<\/a><\/p>\t\t\t\t\t\t<\/div>\n\t\t\t\t<\/div>\n\t\t\t\t\t<\/div>\n\t\t<\/div>\n\t\t\t\t\t<\/div>\n\t\t<\/section>\n\t\t\t\t<section class=\"elementor-section elementor-top-section elementor-element elementor-element-9b61309 elementor-section-boxed elementor-section-height-default elementor-section-height-default wpr-particle-no wpr-jarallax-no wpr-parallax-no wpr-sticky-section-no\" data-id=\"9b61309\" data-element_type=\"section\">\n\t\t\t\t\t\t<div class=\"elementor-container elementor-column-gap-default\">\n\t\t\t\t\t<div class=\"elementor-column elementor-col-50 elementor-top-column elementor-element elementor-element-bfad433\" data-id=\"bfad433\" data-element_type=\"column\">\n\t\t\t<div class=\"elementor-widget-wrap elementor-element-populated\">\n\t\t\t\t\t\t<div class=\"elementor-element elementor-element-7431123 elementor-widget__width-initial elementor-widget elementor-widget-image\" data-id=\"7431123\" data-element_type=\"widget\" data-widget_type=\"image.default\">\n\t\t\t\t<div class=\"elementor-widget-container\">\n\t\t\t\t\t\t\t\t\t\t\t\t\t<img fetchpriority=\"high\" decoding=\"async\" width=\"600\" height=\"600\" src=\"https:\/\/www.inesdyc.edu.do\/transparencia\/wp-content\/uploads\/2022\/06\/file-folder.jpeg\" class=\"attachment-large size-large wp-image-14929\" alt=\"\" srcset=\"https:\/\/www.inesdyc.edu.do\/transparencia\/wp-content\/uploads\/2022\/06\/file-folder.jpeg 600w, https:\/\/www.inesdyc.edu.do\/transparencia\/wp-content\/uploads\/2022\/06\/file-folder-300x300.jpeg 300w, https:\/\/www.inesdyc.edu.do\/transparencia\/wp-content\/uploads\/2022\/06\/file-folder-150x150.jpeg 150w\" sizes=\"(max-width: 600px) 100vw, 600px\" \/>\t\t\t\t\t\t\t\t\t\t\t\t\t<\/div>\n\t\t\t\t<\/div>\n\t\t\t\t\t<\/div>\n\t\t<\/div>\n\t\t\t\t<div class=\"elementor-column elementor-col-50 elementor-top-column elementor-element elementor-element-2d0363b\" data-id=\"2d0363b\" data-element_type=\"column\">\n\t\t\t<div class=\"elementor-widget-wrap elementor-element-populated\">\n\t\t\t\t\t\t<div class=\"elementor-element elementor-element-ab0bcd6 elementor-widget elementor-widget-heading\" data-id=\"ab0bcd6\" data-element_type=\"widget\" data-widget_type=\"heading.default\">\n\t\t\t\t<div class=\"elementor-widget-container\">\n\t\t\t<h2 class=\"elementor-heading-title elementor-size-default\"><a href=\"\/transparencia\/declaraciones-juradas-ano-2025\/\">A\u00f1o 2025<\/a><\/h2>\t\t<\/div>\n\t\t\t\t<\/div>\n\t\t\t\t\t<\/div>\n\t\t<\/div>\n\t\t\t\t\t<\/div>\n\t\t<\/section>\n\t\t\t\t<section class=\"elementor-section elementor-top-section elementor-element elementor-element-191e9573 elementor-section-boxed elementor-section-height-default elementor-section-height-default wpr-particle-no wpr-jarallax-no wpr-parallax-no wpr-sticky-section-no\" data-id=\"191e9573\" data-element_type=\"section\">\n\t\t\t\t\t\t<div class=\"elementor-container elementor-column-gap-default\">\n\t\t\t\t\t<div class=\"elementor-column elementor-col-50 elementor-top-column elementor-element elementor-element-5e24e774\" data-id=\"5e24e774\" data-element_type=\"column\">\n\t\t\t<div class=\"elementor-widget-wrap elementor-element-populated\">\n\t\t\t\t\t\t<div class=\"elementor-element elementor-element-4a9bd6f4 elementor-widget elementor-widget-image\" data-id=\"4a9bd6f4\" data-element_type=\"widget\" data-widget_type=\"image.default\">\n\t\t\t\t<div class=\"elementor-widget-container\">\n\t\t\t\t\t\t\t\t\t\t\t\t\t<img fetchpriority=\"high\" decoding=\"async\" width=\"600\" height=\"600\" src=\"https:\/\/www.inesdyc.edu.do\/transparencia\/wp-content\/uploads\/2022\/06\/file-folder.jpeg\" class=\"attachment-large size-large wp-image-14929\" alt=\"\" srcset=\"https:\/\/www.inesdyc.edu.do\/transparencia\/wp-content\/uploads\/2022\/06\/file-folder.jpeg 600w, https:\/\/www.inesdyc.edu.do\/transparencia\/wp-content\/uploads\/2022\/06\/file-folder-300x300.jpeg 300w, https:\/\/www.inesdyc.edu.do\/transparencia\/wp-content\/uploads\/2022\/06\/file-folder-150x150.jpeg 150w\" sizes=\"(max-width: 600px) 100vw, 600px\" \/>\t\t\t\t\t\t\t\t\t\t\t\t\t<\/div>\n\t\t\t\t<\/div>\n\t\t\t\t\t<\/div>\n\t\t<\/div>\n\t\t\t\t<div class=\"elementor-column elementor-col-50 elementor-top-column elementor-element elementor-element-4365b918\" data-id=\"4365b918\" data-element_type=\"column\">\n\t\t\t<div class=\"elementor-widget-wrap elementor-element-populated\">\n\t\t\t\t\t\t<div class=\"elementor-element elementor-element-2b133b58 elementor-widget elementor-widget-heading\" data-id=\"2b133b58\" data-element_type=\"widget\" data-widget_type=\"heading.default\">\n\t\t\t\t<div class=\"elementor-widget-container\">\n\t\t\t<h2 class=\"elementor-heading-title elementor-size-default\"><a href=\"\/transparencia\/declaraciones-juradas-ano-2024\/\">A\u00f1o 2024<\/a><\/h2>\t\t<\/div>\n\t\t\t\t<\/div>\n\t\t\t\t\t<\/div>\n\t\t<\/div>\n\t\t\t\t\t<\/div>\n\t\t<\/section>\n\t\t\t\t<section class=\"elementor-section elementor-top-section elementor-element elementor-element-10bdef1 elementor-section-boxed elementor-section-height-default elementor-section-height-default wpr-particle-no wpr-jarallax-no wpr-parallax-no wpr-sticky-section-no\" data-id=\"10bdef1\" data-element_type=\"section\">\n\t\t\t\t\t\t<div class=\"elementor-container elementor-column-gap-default\">\n\t\t\t\t\t<div class=\"elementor-column elementor-col-50 elementor-top-column elementor-element elementor-element-ac5c04b\" data-id=\"ac5c04b\" data-element_type=\"column\">\n\t\t\t<div class=\"elementor-widget-wrap elementor-element-populated\">\n\t\t\t\t\t\t<div class=\"elementor-element elementor-element-ebc9baa elementor-widget elementor-widget-image\" data-id=\"ebc9baa\" data-element_type=\"widget\" data-widget_type=\"image.default\">\n\t\t\t\t<div class=\"elementor-widget-container\">\n\t\t\t\t\t\t\t\t\t\t\t\t\t<img fetchpriority=\"high\" decoding=\"async\" width=\"600\" height=\"600\" src=\"https:\/\/www.inesdyc.edu.do\/transparencia\/wp-content\/uploads\/2022\/06\/file-folder.jpeg\" class=\"attachment-large size-large wp-image-14929\" alt=\"\" srcset=\"https:\/\/www.inesdyc.edu.do\/transparencia\/wp-content\/uploads\/2022\/06\/file-folder.jpeg 600w, https:\/\/www.inesdyc.edu.do\/transparencia\/wp-content\/uploads\/2022\/06\/file-folder-300x300.jpeg 300w, https:\/\/www.inesdyc.edu.do\/transparencia\/wp-content\/uploads\/2022\/06\/file-folder-150x150.jpeg 150w\" sizes=\"(max-width: 600px) 100vw, 600px\" \/>\t\t\t\t\t\t\t\t\t\t\t\t\t<\/div>\n\t\t\t\t<\/div>\n\t\t\t\t\t<\/div>\n\t\t<\/div>\n\t\t\t\t<div class=\"elementor-column elementor-col-50 elementor-top-column elementor-element elementor-element-2192b2c\" data-id=\"2192b2c\" data-element_type=\"column\">\n\t\t\t<div class=\"elementor-widget-wrap elementor-element-populated\">\n\t\t\t\t\t\t<div class=\"elementor-element elementor-element-89eaca8 elementor-widget elementor-widget-heading\" data-id=\"89eaca8\" data-element_type=\"widget\" data-widget_type=\"heading.default\">\n\t\t\t\t<div class=\"elementor-widget-container\">\n\t\t\t<h2 class=\"elementor-heading-title elementor-size-default\"><a href=\"\/transparencia\/declaraciones-juradas-ano-2022\/\">A\u00f1o 2022<\/a><\/h2>\t\t<\/div>\n\t\t\t\t<\/div>\n\t\t\t\t\t<\/div>\n\t\t<\/div>\n\t\t\t\t\t<\/div>\n\t\t<\/section>\n\t\t\t\t<section class=\"elementor-section elementor-top-section elementor-element elementor-element-c5e0d23 elementor-section-boxed elementor-section-height-default elementor-section-height-default wpr-particle-no wpr-jarallax-no wpr-parallax-no wpr-sticky-section-no\" data-id=\"c5e0d23\" data-element_type=\"section\">\n\t\t\t\t\t\t<div class=\"elementor-container elementor-column-gap-default\">\n\t\t\t\t\t<div class=\"elementor-column elementor-col-100 elementor-top-column elementor-element elementor-element-7782758\" data-id=\"7782758\" data-element_type=\"column\">\n\t\t\t<div class=\"elementor-widget-wrap elementor-element-populated\">\n\t\t\t\t\t\t<div class=\"elementor-element elementor-element-9d69f0a elementor-widget elementor-widget-global elementor-global-13519 elementor-widget-image\" data-id=\"9d69f0a\" data-element_type=\"widget\" data-widget_type=\"image.default\">\n\t\t\t\t<div class=\"elementor-widget-container\">\n\t\t\t\t\t\t\t\t\t\t\t\t\t\t<a href=\"https:\/\/get.adobe.com\/es\/reader\/\" target=\"_blank\">\n\t\t\t\t\t\t\t<img decoding=\"async\" width=\"751\" height=\"127\" src=\"https:\/\/www.inesdyc.edu.do\/transparencia\/wp-content\/uploads\/2022\/02\/adobe.png\" class=\"attachment-large size-large wp-image-11340\" alt=\"\" srcset=\"https:\/\/www.inesdyc.edu.do\/transparencia\/wp-content\/uploads\/2022\/02\/adobe.png 751w, https:\/\/www.inesdyc.edu.do\/transparencia\/wp-content\/uploads\/2022\/02\/adobe-300x51.png 300w\" sizes=\"(max-width: 751px) 100vw, 751px\" \/>\t\t\t\t\t\t\t\t<\/a>\n\t\t\t\t\t\t\t\t\t\t\t\t\t<\/div>\n\t\t\t\t<\/div>\n\t\t\t\t\t<\/div>\n\t\t<\/div>\n\t\t\t\t\t<\/div>\n\t\t<\/section>\n\t\t\t\t<\/div>\n\t\t","protected":false},"excerpt":{"rendered":"<p>LOS DATOS PERSONALES HAN SIDO PROTEGIDOS DE CONFORMIDAD CON EL ART.18 DE LA LEY 200-04 DE LIBRE ACCESO INFORMACI\u00d3N P\u00daBLICA, D\/F 28 DE JULIO DE 2004 Y EL ART. 28 DE SU REGLAMENTO DE APLICACI\u00d3N, APROBADO MEDIANTE DECRETO 130-05, D\/F 25 DE FEBRERO DE 2005. Consulta P\u00fablica de Declaraciones Juradas de Patrimonio de la C\u00e1mara de Cuentas de la Rep\u00fablica Dominicana A\u00f1o 2025 A\u00f1o 2024 A\u00f1o 2022<\/p>\n","protected":false},"author":1,"featured_media":0,"parent":0,"menu_order":0,"comment_status":"closed","ping_status":"closed","template":"","meta":{"inline_featured_image":false,"_monsterinsights_skip_tracking":false,"_monsterinsights_sitenote_active":false,"_monsterinsights_sitenote_note":"","_monsterinsights_sitenote_category":0,"site-sidebar-layout":"left-sidebar","site-content-layout":"plain-container","ast-site-content-layout":"","site-content-style":"default","site-sidebar-style":"default","ast-global-header-display":"","ast-banner-title-visibility":"","ast-main-header-display":"","ast-hfb-above-header-display":"","ast-hfb-below-header-display":"","ast-hfb-mobile-header-display":"","site-post-title":"disabled","ast-breadcrumbs-content":"","ast-featured-img":"disabled","footer-sml-layout":"","theme-transparent-header-meta":"","adv-header-id-meta":"","stick-header-meta":"","header-above-stick-meta":"","header-main-stick-meta":"","header-below-stick-meta":"","astra-migrate-meta-layouts":"default","ast-page-background-enabled":"default","ast-page-background-meta":{"desktop":{"background-color":"","background-image":"","background-repeat":"repeat","background-position":"center center","background-size":"auto","background-attachment":"scroll","background-type":"","background-media":"","overlay-type":"","overlay-color":"","overlay-opacity":"","overlay-gradient":""},"tablet":{"background-color":"","background-image":"","background-repeat":"repeat","background-position":"center center","background-size":"auto","background-attachment":"scroll","background-type":"","background-media":"","overlay-type":"","overlay-color":"","overlay-opacity":"","overlay-gradient":""},"mobile":{"background-color":"","background-image":"","background-repeat":"repeat","background-position":"center center","background-size":"auto","background-attachment":"scroll","background-type":"","background-media":"","overlay-type":"","overlay-color":"","overlay-opacity":"","overlay-gradient":""}},"ast-content-background-meta":{"desktop":{"background-color":"var(--ast-global-color-5)","background-image":"","background-repeat":"repeat","background-position":"center center","background-size":"auto","background-attachment":"scroll","background-type":"","background-media":"","overlay-type":"","overlay-color":"","overlay-opacity":"","overlay-gradient":""},"tablet":{"background-color":"var(--ast-global-color-5)","background-image":"","background-repeat":"repeat","background-position":"center center","background-size":"auto","background-attachment":"scroll","background-type":"","background-media":"","overlay-type":"","overlay-color":"","overlay-opacity":"","overlay-gradient":""},"mobile":{"background-color":"var(--ast-global-color-5)","background-image":"","background-repeat":"repeat","background-position":"center center","background-size":"auto","background-attachment":"scroll","background-type":"","background-media":"","overlay-type":"","overlay-color":"","overlay-opacity":"","overlay-gradient":""}},"footnotes":""},"categories":[194],"tags":[],"aioseo_notices":[],"_links":{"self":[{"href":"https:\/\/www.inesdyc.edu.do\/transparencia\/wp-json\/wp\/v2\/pages\/11445"}],"collection":[{"href":"https:\/\/www.inesdyc.edu.do\/transparencia\/wp-json\/wp\/v2\/pages"}],"about":[{"href":"https:\/\/www.inesdyc.edu.do\/transparencia\/wp-json\/wp\/v2\/types\/page"}],"author":[{"embeddable":true,"href":"https:\/\/www.inesdyc.edu.do\/transparencia\/wp-json\/wp\/v2\/users\/1"}],"replies":[{"embeddable":true,"href":"https:\/\/www.inesdyc.edu.do\/transparencia\/wp-json\/wp\/v2\/comments?post=11445"}],"version-history":[{"count":40,"href":"https:\/\/www.inesdyc.edu.do\/transparencia\/wp-json\/wp\/v2\/pages\/11445\/revisions"}],"predecessor-version":[{"id":27993,"href":"https:\/\/www.inesdyc.edu.do\/transparencia\/wp-json\/wp\/v2\/pages\/11445\/revisions\/27993"}],"wp:attachment":[{"href":"https:\/\/www.inesdyc.edu.do\/transparencia\/wp-json\/wp\/v2\/media?parent=11445"}],"wp:term":[{"taxonomy":"category","embeddable":true,"href":"https:\/\/www.inesdyc.edu.do\/transparencia\/wp-json\/wp\/v2\/categories?post=11445"},{"taxonomy":"post_tag","embeddable":true,"href":"https:\/\/www.inesdyc.edu.do\/transparencia\/wp-json\/wp\/v2\/tags?post=11445"}],"curies":[{"name":"wp","href":"https:\/\/api.w.org\/{rel}","templated":true}]}}