{"id":12112,"date":"2022-02-21T14:21:39","date_gmt":"2022-02-21T14:21:39","guid":{"rendered":"https:\/\/transparenciamirex2022.mirex.local\/?page_id=12112"},"modified":"2022-07-07T14:24:14","modified_gmt":"2022-07-07T14:24:14","slug":"como-ser-proveedor","status":"publish","type":"page","link":"https:\/\/www.inesdyc.edu.do\/transparencia\/compras-y-contrataciones\/como-ser-proveedor\/","title":{"rendered":"\u00bfC\u00f3mo ser proveedor?"},"content":{"rendered":"\t\t<div data-elementor-type=\"wp-page\" data-elementor-id=\"12112\" class=\"elementor elementor-12112\" data-elementor-post-type=\"page\">\n\t\t\t\t\t\t<section class=\"elementor-section elementor-top-section elementor-element elementor-element-a1f8c39 elementor-section-boxed elementor-section-height-default elementor-section-height-default wpr-particle-no wpr-jarallax-no wpr-parallax-no wpr-sticky-section-no\" data-id=\"a1f8c39\" data-element_type=\"section\">\n\t\t\t\t\t\t<div class=\"elementor-container elementor-column-gap-default\">\n\t\t\t\t\t<div class=\"elementor-column elementor-col-100 elementor-top-column elementor-element elementor-element-f131f5f\" data-id=\"f131f5f\" data-element_type=\"column\">\n\t\t\t<div class=\"elementor-widget-wrap elementor-element-populated\">\n\t\t\t\t\t\t<div class=\"elementor-element elementor-element-0cc676e elementor-widget elementor-widget-text-editor\" data-id=\"0cc676e\" data-element_type=\"widget\" data-widget_type=\"text-editor.default\">\n\t\t\t\t<div class=\"elementor-widget-container\">\n\t\t\t\t\t\t\t<p>Los proveedores interesados en ofrecer bienes y servicios al <strong>Instituto de Educaci\u00f3n Superior en Formaci\u00f3n Diplom\u00e1tica y Consular \u201cDr. Eduardo Latorre Rodr\u00edguez\u201d (<a href=\"http:\/\/inesdyc.edu.do\/\" target=\"_blank\" rel=\"noopener\">INESDYC<\/a>)\u00a0<\/strong> deben cumplir con los siguientes requisitos:<\/p><p>1. Contar con el Registro de Proveedores del Estado (RPE), seg\u00fan lo establecido en el portal <a href=\"https:\/\/www.dgcp.gob.do\/servicios\/registro-de-proveedores\/\">Compras Dominicanas<\/a> | <a href=\"https:\/\/www.dgcp.gob.do\/servicios\/registro-de-proveedores\/\">\u00bfC\u00f3mo Inscribirse?<\/a><\/p><p>2. Estar al d\u00eda en el pago de sus obligaciones fiscales.<\/p><p>3. Depositar en el Departamento de Compras un Portafolio de Negocios que incluya:<\/p><ul><li>Descripci\u00f3n de la empresa<\/li><li>Bienes y servicios ofrecidos<\/li><li>Servicios de valor a\u00f1adido<\/li><li>Experiencia en el mercado<\/li><li>Referencias comerciales<\/li><li>T\u00e9rminos de pago<\/li><li>T\u00e9rminos de entrega<\/li><\/ul><p>4. Participar de los procesos de las compras y contrataciones publicados a trav\u00e9s de este portal y la <a href=\"http:\/\/comprasdominicana.gov.do\/web\/guest\/portada\">Direcci\u00f3n General de Contrataciones P\u00fablicas<\/a> y en el portal de nuestra instituci\u00f3n en la secci\u00f3n de transparencia.<\/p>\t\t\t\t\t\t<\/div>\n\t\t\t\t<\/div>\n\t\t\t\t\t<\/div>\n\t\t<\/div>\n\t\t\t\t\t<\/div>\n\t\t<\/section>\n\t\t\t\t<section class=\"elementor-section elementor-top-section elementor-element elementor-element-b01e02b elementor-section-boxed elementor-section-height-default elementor-section-height-default wpr-particle-no wpr-jarallax-no wpr-parallax-no wpr-sticky-section-no\" data-id=\"b01e02b\" data-element_type=\"section\">\n\t\t\t\t\t\t<div class=\"elementor-container elementor-column-gap-default\">\n\t\t\t\t\t<div class=\"elementor-column elementor-col-100 elementor-top-column elementor-element elementor-element-0571c79\" data-id=\"0571c79\" data-element_type=\"column\">\n\t\t\t<div class=\"elementor-widget-wrap\">\n\t\t\t\t\t\t\t<\/div>\n\t\t<\/div>\n\t\t\t\t\t<\/div>\n\t\t<\/section>\n\t\t\t\t<section class=\"elementor-section elementor-top-section elementor-element elementor-element-7fb2f72 elementor-section-boxed elementor-section-height-default elementor-section-height-default wpr-particle-no wpr-jarallax-no wpr-parallax-no wpr-sticky-section-no\" data-id=\"7fb2f72\" data-element_type=\"section\">\n\t\t\t\t\t\t<div class=\"elementor-container elementor-column-gap-default\">\n\t\t\t\t\t<div class=\"elementor-column elementor-col-100 elementor-top-column elementor-element elementor-element-d64473b\" data-id=\"d64473b\" data-element_type=\"column\">\n\t\t\t<div class=\"elementor-widget-wrap elementor-element-populated\">\n\t\t\t\t\t\t<div class=\"elementor-element elementor-element-70913e1 elementor-widget elementor-widget-spacer\" data-id=\"70913e1\" data-element_type=\"widget\" data-widget_type=\"spacer.default\">\n\t\t\t\t<div class=\"elementor-widget-container\">\n\t\t\t\t\t<div class=\"elementor-spacer\">\n\t\t\t<div class=\"elementor-spacer-inner\"><\/div>\n\t\t<\/div>\n\t\t\t\t<\/div>\n\t\t\t\t<\/div>\n\t\t\t\t\t<\/div>\n\t\t<\/div>\n\t\t\t\t\t<\/div>\n\t\t<\/section>\n\t\t\t\t<section class=\"elementor-section elementor-top-section elementor-element elementor-element-c5e0d23 elementor-section-boxed elementor-section-height-default elementor-section-height-default wpr-particle-no wpr-jarallax-no wpr-parallax-no wpr-sticky-section-no\" data-id=\"c5e0d23\" data-element_type=\"section\">\n\t\t\t\t\t\t<div class=\"elementor-container elementor-column-gap-default\">\n\t\t\t\t\t<div class=\"elementor-column elementor-col-100 elementor-top-column elementor-element elementor-element-7782758\" data-id=\"7782758\" data-element_type=\"column\">\n\t\t\t<div class=\"elementor-widget-wrap elementor-element-populated\">\n\t\t\t\t\t\t<div class=\"elementor-element elementor-element-a9f7fdf elementor-widget elementor-widget-global elementor-global-13519 elementor-widget-image\" data-id=\"a9f7fdf\" data-element_type=\"widget\" data-widget_type=\"image.default\">\n\t\t\t\t<div class=\"elementor-widget-container\">\n\t\t\t\t\t\t\t\t\t\t\t\t\t\t<a href=\"https:\/\/get.adobe.com\/es\/reader\/\" target=\"_blank\">\n\t\t\t\t\t\t\t<img fetchpriority=\"high\" decoding=\"async\" width=\"751\" height=\"127\" src=\"https:\/\/www.inesdyc.edu.do\/transparencia\/wp-content\/uploads\/2022\/02\/adobe.png\" class=\"attachment-large size-large wp-image-11340\" alt=\"\" srcset=\"https:\/\/www.inesdyc.edu.do\/transparencia\/wp-content\/uploads\/2022\/02\/adobe.png 751w, https:\/\/www.inesdyc.edu.do\/transparencia\/wp-content\/uploads\/2022\/02\/adobe-300x51.png 300w\" sizes=\"(max-width: 751px) 100vw, 751px\" \/>\t\t\t\t\t\t\t\t<\/a>\n\t\t\t\t\t\t\t\t\t\t\t\t\t<\/div>\n\t\t\t\t<\/div>\n\t\t\t\t\t<\/div>\n\t\t<\/div>\n\t\t\t\t\t<\/div>\n\t\t<\/section>\n\t\t\t\t<\/div>\n\t\t","protected":false},"excerpt":{"rendered":"<p>Los proveedores interesados en ofrecer bienes y servicios al Instituto de Educaci\u00f3n Superior en Formaci\u00f3n Diplom\u00e1tica y Consular \u201cDr. Eduardo Latorre Rodr\u00edguez\u201d (INESDYC)\u00a0 deben cumplir con los siguientes requisitos: 1. Contar con el Registro de Proveedores del Estado (RPE), seg\u00fan lo establecido en el portal Compras Dominicanas | \u00bfC\u00f3mo Inscribirse? 2. Estar al d\u00eda en el pago de sus obligaciones fiscales. 3. Depositar en el Departamento de Compras un Portafolio de Negocios que incluya: Descripci\u00f3n de la empresa Bienes y servicios ofrecidos Servicios de valor a\u00f1adido Experiencia en el mercado Referencias comerciales T\u00e9rminos de pago T\u00e9rminos de entrega 4. Participar de los procesos de las compras y contrataciones publicados a trav\u00e9s de este portal y la Direcci\u00f3n General de Contrataciones P\u00fablicas y en el portal de nuestra instituci\u00f3n en la secci\u00f3n de transparencia.<\/p>\n","protected":false},"author":1,"featured_media":0,"parent":11469,"menu_order":0,"comment_status":"closed","ping_status":"closed","template":"","meta":{"inline_featured_image":false,"_monsterinsights_skip_tracking":false,"_monsterinsights_sitenote_active":false,"_monsterinsights_sitenote_note":"","_monsterinsights_sitenote_category":0,"site-sidebar-layout":"left-sidebar","site-content-layout":"plain-container","ast-site-content-layout":"","site-content-style":"default","site-sidebar-style":"default","ast-global-header-display":"","ast-banner-title-visibility":"","ast-main-header-display":"","ast-hfb-above-header-display":"","ast-hfb-below-header-display":"","ast-hfb-mobile-header-display":"","site-post-title":"disabled","ast-breadcrumbs-content":"","ast-featured-img":"disabled","footer-sml-layout":"","theme-transparent-header-meta":"","adv-header-id-meta":"","stick-header-meta":"","header-above-stick-meta":"","header-main-stick-meta":"","header-below-stick-meta":"","astra-migrate-meta-layouts":"default","ast-page-background-enabled":"default","ast-page-background-meta":{"desktop":{"background-color":"","background-image":"","background-repeat":"repeat","background-position":"center center","background-size":"auto","background-attachment":"scroll","background-type":"","background-media":"","overlay-type":"","overlay-color":"","overlay-opacity":"","overlay-gradient":""},"tablet":{"background-color":"","background-image":"","background-repeat":"repeat","background-position":"center center","background-size":"auto","background-attachment":"scroll","background-type":"","background-media":"","overlay-type":"","overlay-color":"","overlay-opacity":"","overlay-gradient":""},"mobile":{"background-color":"","background-image":"","background-repeat":"repeat","background-position":"center center","background-size":"auto","background-attachment":"scroll","background-type":"","background-media":"","overlay-type":"","overlay-color":"","overlay-opacity":"","overlay-gradient":""}},"ast-content-background-meta":{"desktop":{"background-color":"var(--ast-global-color-5)","background-image":"","background-repeat":"repeat","background-position":"center center","background-size":"auto","background-attachment":"scroll","background-type":"","background-media":"","overlay-type":"","overlay-color":"","overlay-opacity":"","overlay-gradient":""},"tablet":{"background-color":"var(--ast-global-color-5)","background-image":"","background-repeat":"repeat","background-position":"center center","background-size":"auto","background-attachment":"scroll","background-type":"","background-media":"","overlay-type":"","overlay-color":"","overlay-opacity":"","overlay-gradient":""},"mobile":{"background-color":"var(--ast-global-color-5)","background-image":"","background-repeat":"repeat","background-position":"center center","background-size":"auto","background-attachment":"scroll","background-type":"","background-media":"","overlay-type":"","overlay-color":"","overlay-opacity":"","overlay-gradient":""}},"footnotes":""},"categories":[233],"tags":[],"aioseo_notices":[],"_links":{"self":[{"href":"https:\/\/www.inesdyc.edu.do\/transparencia\/wp-json\/wp\/v2\/pages\/12112"}],"collection":[{"href":"https:\/\/www.inesdyc.edu.do\/transparencia\/wp-json\/wp\/v2\/pages"}],"about":[{"href":"https:\/\/www.inesdyc.edu.do\/transparencia\/wp-json\/wp\/v2\/types\/page"}],"author":[{"embeddable":true,"href":"https:\/\/www.inesdyc.edu.do\/transparencia\/wp-json\/wp\/v2\/users\/1"}],"replies":[{"embeddable":true,"href":"https:\/\/www.inesdyc.edu.do\/transparencia\/wp-json\/wp\/v2\/comments?post=12112"}],"version-history":[{"count":19,"href":"https:\/\/www.inesdyc.edu.do\/transparencia\/wp-json\/wp\/v2\/pages\/12112\/revisions"}],"predecessor-version":[{"id":15479,"href":"https:\/\/www.inesdyc.edu.do\/transparencia\/wp-json\/wp\/v2\/pages\/12112\/revisions\/15479"}],"up":[{"embeddable":true,"href":"https:\/\/www.inesdyc.edu.do\/transparencia\/wp-json\/wp\/v2\/pages\/11469"}],"wp:attachment":[{"href":"https:\/\/www.inesdyc.edu.do\/transparencia\/wp-json\/wp\/v2\/media?parent=12112"}],"wp:term":[{"taxonomy":"category","embeddable":true,"href":"https:\/\/www.inesdyc.edu.do\/transparencia\/wp-json\/wp\/v2\/categories?post=12112"},{"taxonomy":"post_tag","embeddable":true,"href":"https:\/\/www.inesdyc.edu.do\/transparencia\/wp-json\/wp\/v2\/tags?post=12112"}],"curies":[{"name":"wp","href":"https:\/\/api.w.org\/{rel}","templated":true}]}}