{"id":13,"date":"2021-07-09T16:00:06","date_gmt":"2021-07-09T16:00:06","guid":{"rendered":"https:\/\/etanaka.tk\/?page_id=13"},"modified":"2025-03-25T13:30:40","modified_gmt":"2025-03-25T13:30:40","slug":"inicio","status":"publish","type":"page","link":"https:\/\/www.inesdyc.edu.do\/transparencia\/","title":{"rendered":"Inicio"},"content":{"rendered":"\t\t<div data-elementor-type=\"wp-page\" data-elementor-id=\"13\" class=\"elementor elementor-13\" data-elementor-post-type=\"page\">\n\t\t\t\t\t\t<section class=\"elementor-section elementor-top-section elementor-element elementor-element-d06d310 elementor-section-boxed elementor-section-height-default elementor-section-height-default wpr-particle-no wpr-jarallax-no wpr-parallax-no wpr-sticky-section-no\" data-id=\"d06d310\" data-element_type=\"section\">\n\t\t\t\t\t\t<div class=\"elementor-container elementor-column-gap-default\">\n\t\t\t\t\t<div class=\"elementor-column elementor-col-100 elementor-top-column elementor-element elementor-element-bad8fff\" data-id=\"bad8fff\" data-element_type=\"column\">\n\t\t\t<div class=\"elementor-widget-wrap elementor-element-populated\">\n\t\t\t\t\t\t<div class=\"elementor-element elementor-element-0fcfdd3 elementor-widget elementor-widget-image\" data-id=\"0fcfdd3\" data-element_type=\"widget\" data-widget_type=\"image.default\">\n\t\t\t\t<div class=\"elementor-widget-container\">\n\t\t\t\t\t\t\t\t\t\t\t\t\t<img fetchpriority=\"high\" decoding=\"async\" width=\"1024\" height=\"691\" src=\"https:\/\/www.inesdyc.edu.do\/transparencia\/wp-content\/uploads\/2022\/06\/fachadainesdyc-1024x691.jpg\" class=\"attachment-large size-large wp-image-15007\" alt=\"\" srcset=\"https:\/\/www.inesdyc.edu.do\/transparencia\/wp-content\/uploads\/2022\/06\/fachadainesdyc-1024x691.jpg 1024w, https:\/\/www.inesdyc.edu.do\/transparencia\/wp-content\/uploads\/2022\/06\/fachadainesdyc-300x202.jpg 300w, https:\/\/www.inesdyc.edu.do\/transparencia\/wp-content\/uploads\/2022\/06\/fachadainesdyc-768x518.jpg 768w, https:\/\/www.inesdyc.edu.do\/transparencia\/wp-content\/uploads\/2022\/06\/fachadainesdyc-1536x1036.jpg 1536w, https:\/\/www.inesdyc.edu.do\/transparencia\/wp-content\/uploads\/2022\/06\/fachadainesdyc-2048x1382.jpg 2048w\" sizes=\"(max-width: 1024px) 100vw, 1024px\" \/>\t\t\t\t\t\t\t\t\t\t\t\t\t<\/div>\n\t\t\t\t<\/div>\n\t\t\t\t\t<\/div>\n\t\t<\/div>\n\t\t\t\t\t<\/div>\n\t\t<\/section>\n\t\t\t\t<section class=\"elementor-section elementor-top-section elementor-element elementor-element-18b788d elementor-section-boxed elementor-section-height-default elementor-section-height-default wpr-particle-no wpr-jarallax-no wpr-parallax-no wpr-sticky-section-no\" data-id=\"18b788d\" data-element_type=\"section\">\n\t\t\t\t\t\t<div class=\"elementor-container elementor-column-gap-default\">\n\t\t\t\t\t<div class=\"elementor-column elementor-col-100 elementor-top-column elementor-element elementor-element-e1145a2\" data-id=\"e1145a2\" data-element_type=\"column\">\n\t\t\t<div class=\"elementor-widget-wrap elementor-element-populated\">\n\t\t\t\t\t\t<div class=\"elementor-element elementor-element-e43073c elementor-widget elementor-widget-heading\" data-id=\"e43073c\" data-element_type=\"widget\" data-widget_type=\"heading.default\">\n\t\t\t\t<div class=\"elementor-widget-container\">\n\t\t\t<h2 class=\"elementor-heading-title elementor-size-medium\">Bienvenidos al Portal de Transparencia del Instituto de Educaci\u00f3n Superior en Formaci\u00f3n Diplom\u00e1tica y Consular \u201cDr. Eduardo Latorre Rodr\u00edguez\u201d<\/h2>\t\t<\/div>\n\t\t\t\t<\/div>\n\t\t\t\t<div class=\"elementor-element elementor-element-61cf5ce elementor-widget elementor-widget-text-editor\" data-id=\"61cf5ce\" data-element_type=\"widget\" id=\"main-description\" data-widget_type=\"text-editor.default\">\n\t\t\t\t<div class=\"elementor-widget-container\">\n\t\t\t\t\t\t\t<p>En este portal interactivo hacemos disponible todo lo requerido en la Ley General de Libre Acceso a la Informaci\u00f3n P\u00fablica Ley 200-04 y el Decreto No. 130-05 que crea el reglamento de la ley.<\/p><h6>Art\u00edculo 5.-<\/h6><p>\u00abSe dispone la informatizaci\u00f3n y la incorporaci\u00f3n al sistema de comunicaci\u00f3n por Internet, o a cualquier otro sistema similar que en el futuro se establezca, de todos los organismos p\u00fablicos centralizados y descentralizados del Estado, incluyendo el Distrito Nacional y los Municipios, con la finalidad de garantizar a trav\u00e9s de \u00e9ste un acceso directo del p\u00fablico a la informaci\u00f3n del Estado.\u00bb<\/p><p>Todos los poderes y organismos del Estado deber\u00e1n instrumentar la publicaci\u00f3n de sus respectivas \u00abP\u00e1ginas Web\u00bb a los siguientes fines:<\/p><ul><li><h6>Difusi\u00f3n de Informaci\u00f3n:<\/h6><p>Estructura, integrantes, normativas de funcionamiento, proyectos, informes de gesti\u00f3n, base de datos;<\/p><\/li><li><h6>Centro de Intercambio y Atenci\u00f3n al Cliente o Usuario:<\/h6><p>Consultas, quejas y sugerencias;<\/p><\/li><li><h6>Tr\u00e1mites o Transacciones Bilaterales:<\/h6><p>\u00abLa informaci\u00f3n a que hace referencia el p\u00e1rrafo anterior ser\u00e1 de libre acceso al p\u00fablico sin necesidad de petici\u00f3n previa\u00bb.<\/p><\/li><\/ul><p><strong>\u00bfQu\u00e9 es la Transparencia activa?<\/strong> Es la que facilita el m\u00e1s amplio acceso a la informaci\u00f3n p\u00fablica, mediante este link <a href=\"https:\/\/transparencia.gob.do\/\" target=\"_blank\" rel=\"noopener\">https:\/\/transparencia.gob.do\/<\/a> se crea el Portal \u00danico de Transparencia como una herramienta tecnol\u00f3gica, unificada y estandarizada para la publicaci\u00f3n de forma veraz, completa, oportuna, congruente, integral, actualizada, confiable, compresible y verificable de toda la informaci\u00f3n p\u00fablica de disponibilidad obligatoria de conformidad con la Ley General de Libre acceso a la Informaci\u00f3n P\u00fablica.<\/p><blockquote style=\"font-size: 16px; font-weight: bold;\"><p>\u00abNuestro Portal cumple con las especificaciones contempladas en la Ley 200-04, la cual establece la actualizaci\u00f3n permanente de las informaciones ofrecidas en el mismo\u00bb.<\/p><\/blockquote>\t\t\t\t\t\t<\/div>\n\t\t\t\t<\/div>\n\t\t\t\t\t<\/div>\n\t\t<\/div>\n\t\t\t\t\t<\/div>\n\t\t<\/section>\n\t\t\t\t<\/div>\n\t\t","protected":false},"excerpt":{"rendered":"<p>Bienvenidos al Portal de Transparencia del Instituto de Educaci\u00f3n Superior en Formaci\u00f3n Diplom\u00e1tica y Consular \u201cDr. Eduardo Latorre Rodr\u00edguez\u201d En este portal interactivo hacemos disponible todo lo requerido en la Ley General de Libre Acceso a la Informaci\u00f3n P\u00fablica Ley 200-04 y el Decreto No. 130-05 que crea el reglamento de la ley. Art\u00edculo 5.- \u00abSe dispone la informatizaci\u00f3n y la incorporaci\u00f3n al sistema de comunicaci\u00f3n por Internet, o a cualquier otro sistema similar que en el futuro se establezca, de todos los organismos p\u00fablicos centralizados y descentralizados del Estado, incluyendo el Distrito Nacional y los Municipios, con la finalidad de garantizar a trav\u00e9s de \u00e9ste un acceso directo del p\u00fablico a la informaci\u00f3n del Estado.\u00bb Todos los poderes y organismos del Estado deber\u00e1n instrumentar la publicaci\u00f3n de sus respectivas \u00abP\u00e1ginas Web\u00bb a los siguientes fines: Difusi\u00f3n de Informaci\u00f3n: Estructura, integrantes, normativas de funcionamiento, proyectos, informes de gesti\u00f3n, base de datos; Centro de Intercambio y Atenci\u00f3n al Cliente o Usuario: Consultas, quejas y sugerencias; Tr\u00e1mites o Transacciones Bilaterales: \u00abLa informaci\u00f3n a que hace referencia el p\u00e1rrafo anterior ser\u00e1 de libre acceso al p\u00fablico sin necesidad de petici\u00f3n previa\u00bb. \u00bfQu\u00e9 es la Transparencia activa? Es la que facilita el m\u00e1s amplio acceso a la informaci\u00f3n p\u00fablica, mediante este link https:\/\/transparencia.gob.do\/ se crea el Portal \u00danico de Transparencia como una herramienta tecnol\u00f3gica, unificada y estandarizada para la publicaci\u00f3n de forma veraz, completa, oportuna, congruente, integral, actualizada, confiable, compresible y verificable de toda la informaci\u00f3n p\u00fablica de disponibilidad obligatoria de conformidad con la Ley General de Libre acceso a la Informaci\u00f3n P\u00fablica. \u00abNuestro Portal cumple con las especificaciones contempladas en la Ley 200-04, la cual establece la actualizaci\u00f3n permanente de las informaciones ofrecidas en el mismo\u00bb.<\/p>\n","protected":false},"author":1,"featured_media":0,"parent":0,"menu_order":0,"comment_status":"closed","ping_status":"closed","template":"","meta":{"inline_featured_image":false,"_monsterinsights_skip_tracking":false,"_monsterinsights_sitenote_active":false,"_monsterinsights_sitenote_note":"","_monsterinsights_sitenote_category":0,"site-sidebar-layout":"left-sidebar","site-content-layout":"plain-container","ast-site-content-layout":"normal-width-container","site-content-style":"unboxed","site-sidebar-style":"unboxed","ast-global-header-display":"","ast-banner-title-visibility":"","ast-main-header-display":"","ast-hfb-above-header-display":"","ast-hfb-below-header-display":"","ast-hfb-mobile-header-display":"","site-post-title":"disabled","ast-breadcrumbs-content":"","ast-featured-img":"disabled","footer-sml-layout":"","theme-transparent-header-meta":"default","adv-header-id-meta":"","stick-header-meta":"","header-above-stick-meta":"","header-main-stick-meta":"","header-below-stick-meta":"","astra-migrate-meta-layouts":"set","ast-page-background-enabled":"default","ast-page-background-meta":{"desktop":{"background-color":"","background-image":"","background-repeat":"repeat","background-position":"center center","background-size":"auto","background-attachment":"scroll","background-type":"","background-media":"","overlay-type":"","overlay-color":"","overlay-opacity":"","overlay-gradient":""},"tablet":{"background-color":"","background-image":"","background-repeat":"repeat","background-position":"center center","background-size":"auto","background-attachment":"scroll","background-type":"","background-media":"","overlay-type":"","overlay-color":"","overlay-opacity":"","overlay-gradient":""},"mobile":{"background-color":"","background-image":"","background-repeat":"repeat","background-position":"center center","background-size":"auto","background-attachment":"scroll","background-type":"","background-media":"","overlay-type":"","overlay-color":"","overlay-opacity":"","overlay-gradient":""}},"ast-content-background-meta":{"desktop":{"background-color":"var(--ast-global-color-5)","background-image":"","background-repeat":"repeat","background-position":"center center","background-size":"auto","background-attachment":"scroll","background-type":"","background-media":"","overlay-type":"","overlay-color":"","overlay-opacity":"","overlay-gradient":""},"tablet":{"background-color":"var(--ast-global-color-5)","background-image":"","background-repeat":"repeat","background-position":"center center","background-size":"auto","background-attachment":"scroll","background-type":"","background-media":"","overlay-type":"","overlay-color":"","overlay-opacity":"","overlay-gradient":""},"mobile":{"background-color":"var(--ast-global-color-5)","background-image":"","background-repeat":"repeat","background-position":"center center","background-size":"auto","background-attachment":"scroll","background-type":"","background-media":"","overlay-type":"","overlay-color":"","overlay-opacity":"","overlay-gradient":""}},"footnotes":""},"categories":[],"tags":[],"aioseo_notices":[],"_links":{"self":[{"href":"https:\/\/www.inesdyc.edu.do\/transparencia\/wp-json\/wp\/v2\/pages\/13"}],"collection":[{"href":"https:\/\/www.inesdyc.edu.do\/transparencia\/wp-json\/wp\/v2\/pages"}],"about":[{"href":"https:\/\/www.inesdyc.edu.do\/transparencia\/wp-json\/wp\/v2\/types\/page"}],"author":[{"embeddable":true,"href":"https:\/\/www.inesdyc.edu.do\/transparencia\/wp-json\/wp\/v2\/users\/1"}],"replies":[{"embeddable":true,"href":"https:\/\/www.inesdyc.edu.do\/transparencia\/wp-json\/wp\/v2\/comments?post=13"}],"version-history":[{"count":1944,"href":"https:\/\/www.inesdyc.edu.do\/transparencia\/wp-json\/wp\/v2\/pages\/13\/revisions"}],"predecessor-version":[{"id":25909,"href":"https:\/\/www.inesdyc.edu.do\/transparencia\/wp-json\/wp\/v2\/pages\/13\/revisions\/25909"}],"wp:attachment":[{"href":"https:\/\/www.inesdyc.edu.do\/transparencia\/wp-json\/wp\/v2\/media?parent=13"}],"wp:term":[{"taxonomy":"category","embeddable":true,"href":"https:\/\/www.inesdyc.edu.do\/transparencia\/wp-json\/wp\/v2\/categories?post=13"},{"taxonomy":"post_tag","embeddable":true,"href":"https:\/\/www.inesdyc.edu.do\/transparencia\/wp-json\/wp\/v2\/tags?post=13"}],"curies":[{"name":"wp","href":"https:\/\/api.w.org\/{rel}","templated":true}]}}