{"id":344,"date":"2021-07-12T14:29:39","date_gmt":"2021-07-12T14:29:39","guid":{"rendered":"https:\/\/etanaka.tk\/?page_id=344"},"modified":"2021-12-17T13:11:36","modified_gmt":"2021-12-17T13:11:36","slug":"mapa-de-sitio","status":"publish","type":"page","link":"https:\/\/www.inesdyc.edu.do\/transparencia\/mapa-de-sitio\/","title":{"rendered":"Mapa de Sitio"},"content":{"rendered":"\t\t<div data-elementor-type=\"wp-page\" data-elementor-id=\"344\" class=\"elementor elementor-344\" data-elementor-post-type=\"page\">\n\t\t\t\t\t\t<section class=\"elementor-section elementor-top-section elementor-element elementor-element-b453126 elementor-section-height-min-height elementor-section-boxed elementor-section-height-default elementor-section-items-middle wpr-particle-no wpr-jarallax-no wpr-parallax-no wpr-sticky-section-no\" data-id=\"b453126\" data-element_type=\"section\" data-settings=\"{&quot;background_background&quot;:&quot;slideshow&quot;,&quot;background_slideshow_gallery&quot;:[{&quot;id&quot;:7081,&quot;url&quot;:&quot;https:\\\/\\\/newweb.mirex.gob.do\\\/wp-content\\\/uploads\\\/2021\\\/11\\\/PARA-BANNER-300-02-scaled.jpg&quot;}],&quot;background_slideshow_slide_duration&quot;:5000,&quot;background_slideshow_slide_transition&quot;:&quot;fade&quot;,&quot;background_slideshow_transition_duration&quot;:500}\">\n\t\t\t\t\t\t<div class=\"elementor-container elementor-column-gap-default\">\n\t\t\t\t\t<div class=\"elementor-column elementor-col-100 elementor-top-column elementor-element elementor-element-1ea3aaf\" data-id=\"1ea3aaf\" data-element_type=\"column\">\n\t\t\t<div class=\"elementor-widget-wrap elementor-element-populated\">\n\t\t\t\t\t\t<div class=\"elementor-element elementor-element-957a107 animated-slow elementor-widget-mobile__width-initial elementor-invisible elementor-widget elementor-widget-heading\" data-id=\"957a107\" data-element_type=\"widget\" data-settings=\"{&quot;_animation&quot;:&quot;fadeInRight&quot;}\" data-widget_type=\"heading.default\">\n\t\t\t\t<div class=\"elementor-widget-container\">\n\t\t\t<h2 class=\"elementor-heading-title elementor-size-default\">MAPA DE SITIO<\/h2>\t\t<\/div>\n\t\t\t\t<\/div>\n\t\t\t\t<div class=\"elementor-element elementor-element-6fdacbc animated-slow elementor-widget-divider--view-line elementor-invisible elementor-widget elementor-widget-divider\" data-id=\"6fdacbc\" data-element_type=\"widget\" data-settings=\"{&quot;_animation&quot;:&quot;fadeInRight&quot;,&quot;_animation_delay&quot;:200}\" data-widget_type=\"divider.default\">\n\t\t\t\t<div class=\"elementor-widget-container\">\n\t\t\t\t\t<div class=\"elementor-divider\">\n\t\t\t<span class=\"elementor-divider-separator\">\n\t\t\t\t\t\t<\/span>\n\t\t<\/div>\n\t\t\t\t<\/div>\n\t\t\t\t<\/div>\n\t\t\t\t\t<\/div>\n\t\t<\/div>\n\t\t\t\t\t<\/div>\n\t\t<\/section>\n\t\t\t\t<section class=\"elementor-section elementor-top-section elementor-element elementor-element-a3a3c71 breadcrumbs elementor-section-boxed elementor-section-height-default elementor-section-height-default wpr-particle-no wpr-jarallax-no wpr-parallax-no wpr-sticky-section-no\" data-id=\"a3a3c71\" data-element_type=\"section\" data-settings=\"{&quot;background_background&quot;:&quot;classic&quot;}\">\n\t\t\t\t\t\t<div class=\"elementor-container elementor-column-gap-default\">\n\t\t\t\t\t<div class=\"elementor-column elementor-col-100 elementor-top-column elementor-element elementor-element-c37b50d\" data-id=\"c37b50d\" data-element_type=\"column\">\n\t\t\t<div class=\"elementor-widget-wrap elementor-element-populated\">\n\t\t\t\t\t\t<div class=\"elementor-element elementor-element-a03c738 elementor-widget elementor-widget-text-editor\" data-id=\"a03c738\" data-element_type=\"widget\" data-widget_type=\"text-editor.default\">\n\t\t\t\t<div class=\"elementor-widget-container\">\n\t\t\t\t\t\t\t<div class=\"breadcrumbs\"><strong>Est\u00e1s aqu\u00ed: <\/strong><a class=\"crumb-inactive\" href=\"\/\"><i class=\"fas fa-home\"><\/i> Inicio<\/a> \u00bb <span class=\"crumb-active\">Mapa de Sitio<\/span><\/div>\t\t\t\t\t\t<\/div>\n\t\t\t\t<\/div>\n\t\t\t\t\t<\/div>\n\t\t<\/div>\n\t\t\t\t\t<\/div>\n\t\t<\/section>\n\t\t\t\t<section class=\"elementor-section elementor-top-section elementor-element elementor-element-b300f00 elementor-reverse-tablet elementor-reverse-mobile elementor-section-boxed elementor-section-height-default elementor-section-height-default wpr-particle-no wpr-jarallax-no wpr-parallax-no wpr-sticky-section-no\" data-id=\"b300f00\" data-element_type=\"section\">\n\t\t\t\t\t\t<div class=\"elementor-container elementor-column-gap-default\">\n\t\t\t\t\t<div class=\"elementor-column elementor-col-100 elementor-top-column elementor-element elementor-element-98c8b38 elementor-invisible\" data-id=\"98c8b38\" data-element_type=\"column\" data-settings=\"{&quot;background_background&quot;:&quot;classic&quot;,&quot;animation&quot;:&quot;fadeInUp&quot;}\">\n\t\t\t<div class=\"elementor-widget-wrap elementor-element-populated\">\n\t\t\t\t\t\t<div class=\"elementor-element elementor-element-da8943e elementor-share-buttons--skin-boxed elementor-share-buttons--color-custom elementor-share-buttons--view-icon-text elementor-share-buttons--shape-square elementor-grid-0 elementor-widget elementor-widget-global elementor-global-7303 elementor-widget-share-buttons\" data-id=\"da8943e\" data-element_type=\"widget\" data-widget_type=\"share-buttons.default\">\n\t\t\t\t<div class=\"elementor-widget-container\">\n\t\t\t\t\t<div class=\"elementor-grid\">\n\t\t\t\t\t\t\t\t<div class=\"elementor-grid-item\">\n\t\t\t\t\t\t<div\n\t\t\t\t\t\t\tclass=\"elementor-share-btn elementor-share-btn_print\"\n\t\t\t\t\t\t\trole=\"button\"\n\t\t\t\t\t\t\ttabindex=\"0\"\n\t\t\t\t\t\t\taria-label=\"Compartir en print\"\n\t\t\t\t\t\t>\n\t\t\t\t\t\t\t\t\t\t\t\t\t\t\t<span class=\"elementor-share-btn__icon\">\n\t\t\t\t\t\t\t\t<i class=\"fas fa-print\" aria-hidden=\"true\"><\/i>\t\t\t\t\t\t\t<\/span>\n\t\t\t\t\t\t\t\t\t\t\t\t\t\t\t\t\t\t\t\t\t\t<div class=\"elementor-share-btn__text\">\n\t\t\t\t\t\t\t\t\t\t\t\t\t\t\t\t\t\t\t<span class=\"elementor-share-btn__title\">\n\t\t\t\t\t\t\t\t\t\tImprimir\t\t\t\t\t\t\t\t\t<\/span>\n\t\t\t\t\t\t\t\t\t\t\t\t\t\t\t\t\t<\/div>\n\t\t\t\t\t\t\t\t\t\t\t\t\t<\/div>\n\t\t\t\t\t<\/div>\n\t\t\t\t\t\t\t\t\t<div class=\"elementor-grid-item\">\n\t\t\t\t\t\t<div\n\t\t\t\t\t\t\tclass=\"elementor-share-btn elementor-share-btn_email\"\n\t\t\t\t\t\t\trole=\"button\"\n\t\t\t\t\t\t\ttabindex=\"0\"\n\t\t\t\t\t\t\taria-label=\"Compartir en email\"\n\t\t\t\t\t\t>\n\t\t\t\t\t\t\t\t\t\t\t\t\t\t\t<span class=\"elementor-share-btn__icon\">\n\t\t\t\t\t\t\t\t<i class=\"fas fa-envelope\" aria-hidden=\"true\"><\/i>\t\t\t\t\t\t\t<\/span>\n\t\t\t\t\t\t\t\t\t\t\t\t\t\t\t\t\t\t\t\t\t\t<div class=\"elementor-share-btn__text\">\n\t\t\t\t\t\t\t\t\t\t\t\t\t\t\t\t\t\t\t<span class=\"elementor-share-btn__title\">\n\t\t\t\t\t\t\t\t\t\tCorreo Electr\u00f3nico\t\t\t\t\t\t\t\t\t<\/span>\n\t\t\t\t\t\t\t\t\t\t\t\t\t\t\t\t\t<\/div>\n\t\t\t\t\t\t\t\t\t\t\t\t\t<\/div>\n\t\t\t\t\t<\/div>\n\t\t\t\t\t\t<\/div>\n\t\t\t\t<\/div>\n\t\t\t\t<\/div>\n\t\t\t\t<div class=\"elementor-element elementor-element-8c4569a elementor-widget elementor-widget-text-editor\" data-id=\"8c4569a\" data-element_type=\"widget\" id=\"mapa-de-sitio\" data-widget_type=\"text-editor.default\">\n\t\t\t\t<div class=\"elementor-widget-container\">\n\t\t\t\t\t\t\t<ul class=\"breadcrumbs\">\n \t<li><a class=\"crumbs-inactive\" href=\"\/\">Inicio<\/a><\/li>\n \t<li><a class=\"crumbs-inactive\" href=\"#\">Sobre Nosotros<\/a> <i class=\"fas fa-angle-down\"><\/i>\n<ul>\n \t<li><a class=\"crumbs-inactive\" href=\"\/quienes-somos\/\">\u00bfQui\u00e9nes Somos?<\/a><\/li>\n \t<li><a href=\"\/historia\/\">Historia<\/a><\/li>\n \t<li><a href=\"\/organigrama\/\">Organigrama<\/a><\/li>\n \t<li><a href=\"https:\/\/mirex.gob.do\/despacho-del-ministro\/\">Despacho del Ministro<\/a><\/li>\n \t<li><a href=\"#\">Viceministerios<\/a> <i class=\"fas fa-angle-down\"><\/i>\n<ul>\n \t<li><a href=\"\/viceministerio-de-politica-exterior-bilateral\/\">Viceministerio de Pol\u00edtica Exterior Bilateral<\/a><\/li>\n \t<li><a href=\"https:\/\/mirex.gob.do\/viceministerio-de-politica-exterior-multilateral\/\">Viceministerio de Pol\u00edtica Exterior Multilateral<\/a><\/li>\n \t<li><a href=\"https:\/\/mirex.gob.do\/viceministerio-para-asuntos-economicos-y-cooperacion-internacional\/\">Viceministerio para Asuntos Econ\u00f3micos y Cooperaci\u00f3n Internacional<\/a><\/li>\n \t<li><a href=\"https:\/\/mirex.gob.do\/viceministerio-para-asuntos-consulares-y-migratorios\/\">Viceministerio para Asuntos Consulares y Migratorios<\/a><\/li>\n \t<li><a href=\"https:\/\/mirex.gob.do\/viceministerio-para-las-comunidades-dominicanas-en-el-exterior\/\">Viceministerio para las Comunidades Dominicanas en el Exterior<\/a><\/li>\n \t<li><a href=\"https:\/\/mirex.gob.do\/viceministerio-para-asuntos-administrativos-y-financieros\/\">Viceministerio para Asuntos Administrativos y Financieros<\/a><\/li>\n<\/ul>\n<\/li>\n \t<li><a href=\"https:\/\/mirex.gob.do\/viceministros\/\">Viceministros<\/a><\/li>\n \t<li><a href=\"https:\/\/mirex.gob.do\/galeria-de-cancilleres\/\">Galer\u00eda de Camcilleres<\/a><\/li>\n \t<li><a href=\"https:\/\/transparencia.mirex.gob.do\/base-legal\/listados\" target=\"_blank\" rel=\"noopener\">Marco Legal<\/a><\/li>\n \t<li><a href=\"https:\/\/mirex.gob.do\/dependencias\/\">Dependencias<\/a><\/li>\n<\/ul>\n<\/li>\n \t<li><a href=\"https:\/\/bibliotecavirtual.mirex.gob.do\/\" target=\"_blank\" rel=\"noopener\">Biblioteca Virtual de Acuerdos<\/a><\/li>\n \t<li><a class=\"crumbs-inactive\" href=\"\/servicios\">Servicios<\/a> <i class=\"fas fa-angle-down\"><\/i>\n<ul class=\"breadcrumbs\">\n \t<li><a href=\"https:\/\/mirex.gob.do\/visas\/\">Visas<\/a> <i class=\"fas fa-angle-down\"><\/i>\n<ul class=\"breadcrumbs\">\n \t<li><a href=\"https:\/\/mirex.gob.do\/consulta-de-requisitos\/\">Consulta de Requisitos<\/a><\/li>\n<\/ul>\n<\/li>\n \t<li><a href=\"#\">Apostillas \/ Legalizaciones<\/a> <i class=\"fas fa-angle-down\"><\/i>\n<ul class=\"breadcrumbs\">\n \t<li><a href=\"https:\/\/servicios.mirex.gob.do\/\" target=\"_blank\" rel=\"noopener\">Apostilla en l\u00ednea<\/a><\/li>\n \t<li><a href=\"https:\/\/servicios.mirex.gob.do\/legalizacion-apostilla\/consultar-certificacion\" target=\"_blank\" rel=\"noopener\">Consultar Apostilla \/ Legalizaci\u00f3n<\/a><\/li>\n \t<li><a href=\"https:\/\/servicios.mirex.gob.do\/apostilla\/registro-firma\/inicio\" target=\"_blank\" rel=\"noopener\">Registro de Firma<\/a><\/li>\n<\/ul>\n<\/li>\n \t<li><a href=\"https:\/\/mirex.gob.do\/pase-cruce-transfronterizo\/\">Pase \/ Cruce Transfronterizo<\/a><\/li>\n \t<li><a href=\"https:\/\/mirex.gob.do\/pasaportes-diplomaticos-y-u-oficiales\/\">Pasaportes Diplom\u00e1ticos y\/u Oficiales<\/a><\/li>\n<\/ul>\n<\/li>\n \t<li><a href=\"https:\/\/transparencia.mirex.gob.do\/\" target=\"_blank\" rel=\"noopener\">Transparencia<\/a><\/li>\n \t<li><a href=\"#\">Sala de Prensa<\/a> <i class=\"fas fa-angle-down\"><\/i>\n<ul class=\"breadcrumbs\">\n \t<li><a class=\"crumbs-inactive\" href=\"\/noticias\">Noticias<\/a><\/li>\n \t<li><a href=\"https:\/\/www.flickr.com\/photos\/127233552@N08\/\" target=\"_blank\" rel=\"noopener\">Galer\u00eda de Fotos<\/a><\/li>\n \t<li><a href=\"https:\/\/www.youtube.com\/user\/MIREXRD\/feed\" target=\"_blank\" rel=\"noopener\">Videos<\/a><\/li>\n \t<li><a href=\"https:\/\/mirex.gob.do\/mirex-cerca\/\">MIREX Cerca<\/a><\/li>\n<\/ul>\n<\/li>\n \t<li><a class=\"crumbs-inactive\" href=\"\/contacto\">Contacto<\/a> <i class=\"fas fa-angle-down\"><\/i>\n<ul class=\"breadcrumbs\">\n \t<li><a href=\"https:\/\/mirex.gob.do\/contacto\/\">Solicitud de informaci\u00f3n<\/a><\/li>\n \t<li><a href=\"https:\/\/mirex.gob.do\/directorio\/\">Directorio<\/a><\/li>\n<\/ul>\n<\/li>\n<\/ul>\t\t\t\t\t\t<\/div>\n\t\t\t\t<\/div>\n\t\t\t\t\t<\/div>\n\t\t<\/div>\n\t\t\t\t\t<\/div>\n\t\t<\/section>\n\t\t\t\t<\/div>\n\t\t","protected":false},"excerpt":{"rendered":"<p>MAPA DE SITIO Est\u00e1s aqu\u00ed: Inicio \u00bb Mapa de Sitio Share on print Imprimir Share on email Correo Electr\u00f3nico Inicio Sobre Nosotros \u00bfQui\u00e9nes Somos? Historia Organigrama Despacho del Ministro Viceministerios Viceministerio de Pol\u00edtica Exterior Bilateral Viceministerio de Pol\u00edtica Exterior Multilateral Viceministerio para Asuntos Econ\u00f3micos y Cooperaci\u00f3n Internacional Viceministerio para Asuntos Consulares y Migratorios Viceministerio para las Comunidades Dominicanas en el Exterior Viceministerio para Asuntos Administrativos y Financieros Viceministros Galer\u00eda de Camcilleres Marco Legal Dependencias Biblioteca Virtual de Acuerdos Servicios Visas Consulta de Requisitos Apostillas \/ Legalizaciones Apostilla en l\u00ednea Consultar Apostilla \/ Legalizaci\u00f3n Registro de Firma Pase \/ Cruce Transfronterizo Pasaportes Diplom\u00e1ticos y\/u Oficiales Transparencia Sala de Prensa Noticias Galer\u00eda de Fotos Videos MIREX Cerca Contacto Solicitud de informaci\u00f3n Directorio<\/p>\n","protected":false},"author":1,"featured_media":0,"parent":0,"menu_order":0,"comment_status":"closed","ping_status":"closed","template":"","meta":{"inline_featured_image":false,"_monsterinsights_skip_tracking":false,"_monsterinsights_sitenote_active":false,"_monsterinsights_sitenote_note":"","_monsterinsights_sitenote_category":0,"site-sidebar-layout":"no-sidebar","site-content-layout":"page-builder","ast-site-content-layout":"","site-content-style":"default","site-sidebar-style":"default","ast-global-header-display":"","ast-banner-title-visibility":"","ast-main-header-display":"","ast-hfb-above-header-display":"","ast-hfb-below-header-display":"","ast-hfb-mobile-header-display":"","site-post-title":"disabled","ast-breadcrumbs-content":"","ast-featured-img":"disabled","footer-sml-layout":"","theme-transparent-header-meta":"default","adv-header-id-meta":"","stick-header-meta":"","header-above-stick-meta":"","header-main-stick-meta":"","header-below-stick-meta":"","astra-migrate-meta-layouts":"default","ast-page-background-enabled":"default","ast-page-background-meta":{"desktop":{"background-color":"","background-image":"","background-repeat":"repeat","background-position":"center center","background-size":"auto","background-attachment":"scroll","background-type":"","background-media":"","overlay-type":"","overlay-color":"","overlay-opacity":"","overlay-gradient":""},"tablet":{"background-color":"","background-image":"","background-repeat":"repeat","background-position":"center center","background-size":"auto","background-attachment":"scroll","background-type":"","background-media":"","overlay-type":"","overlay-color":"","overlay-opacity":"","overlay-gradient":""},"mobile":{"background-color":"","background-image":"","background-repeat":"repeat","background-position":"center center","background-size":"auto","background-attachment":"scroll","background-type":"","background-media":"","overlay-type":"","overlay-color":"","overlay-opacity":"","overlay-gradient":""}},"ast-content-background-meta":{"desktop":{"background-color":"var(--ast-global-color-5)","background-image":"","background-repeat":"repeat","background-position":"center center","background-size":"auto","background-attachment":"scroll","background-type":"","background-media":"","overlay-type":"","overlay-color":"","overlay-opacity":"","overlay-gradient":""},"tablet":{"background-color":"var(--ast-global-color-5)","background-image":"","background-repeat":"repeat","background-position":"center center","background-size":"auto","background-attachment":"scroll","background-type":"","background-media":"","overlay-type":"","overlay-color":"","overlay-opacity":"","overlay-gradient":""},"mobile":{"background-color":"var(--ast-global-color-5)","background-image":"","background-repeat":"repeat","background-position":"center center","background-size":"auto","background-attachment":"scroll","background-type":"","background-media":"","overlay-type":"","overlay-color":"","overlay-opacity":"","overlay-gradient":""}},"footnotes":""},"categories":[],"tags":[],"aioseo_notices":[],"_links":{"self":[{"href":"https:\/\/www.inesdyc.edu.do\/transparencia\/wp-json\/wp\/v2\/pages\/344"}],"collection":[{"href":"https:\/\/www.inesdyc.edu.do\/transparencia\/wp-json\/wp\/v2\/pages"}],"about":[{"href":"https:\/\/www.inesdyc.edu.do\/transparencia\/wp-json\/wp\/v2\/types\/page"}],"author":[{"embeddable":true,"href":"https:\/\/www.inesdyc.edu.do\/transparencia\/wp-json\/wp\/v2\/users\/1"}],"replies":[{"embeddable":true,"href":"https:\/\/www.inesdyc.edu.do\/transparencia\/wp-json\/wp\/v2\/comments?post=344"}],"version-history":[{"count":98,"href":"https:\/\/www.inesdyc.edu.do\/transparencia\/wp-json\/wp\/v2\/pages\/344\/revisions"}],"predecessor-version":[{"id":11249,"href":"https:\/\/www.inesdyc.edu.do\/transparencia\/wp-json\/wp\/v2\/pages\/344\/revisions\/11249"}],"wp:attachment":[{"href":"https:\/\/www.inesdyc.edu.do\/transparencia\/wp-json\/wp\/v2\/media?parent=344"}],"wp:term":[{"taxonomy":"category","embeddable":true,"href":"https:\/\/www.inesdyc.edu.do\/transparencia\/wp-json\/wp\/v2\/categories?post=344"},{"taxonomy":"post_tag","embeddable":true,"href":"https:\/\/www.inesdyc.edu.do\/transparencia\/wp-json\/wp\/v2\/tags?post=344"}],"curies":[{"name":"wp","href":"https:\/\/api.w.org\/{rel}","templated":true}]}}