{"id":4228,"date":"2021-09-21T16:28:12","date_gmt":"2021-09-21T16:28:12","guid":{"rendered":"https:\/\/usa2.mirex.local\/?page_id=4228"},"modified":"2025-07-17T18:11:49","modified_gmt":"2025-07-17T18:11:49","slug":"preguntas-frecuentes","status":"publish","type":"page","link":"https:\/\/www.inesdyc.edu.do\/transparencia\/preguntas-frecuentes\/","title":{"rendered":"Preguntas Frecuentes"},"content":{"rendered":"\t\t<div data-elementor-type=\"wp-page\" data-elementor-id=\"4228\" class=\"elementor elementor-4228\" data-elementor-post-type=\"page\">\n\t\t\t\t\t\t<section class=\"elementor-section elementor-top-section elementor-element elementor-element-08f1789 elementor-section-height-min-height elementor-section-boxed elementor-section-height-default elementor-section-items-middle wpr-particle-no wpr-jarallax-no wpr-parallax-no wpr-sticky-section-no\" data-id=\"08f1789\" data-element_type=\"section\" data-settings=\"{&quot;background_background&quot;:&quot;slideshow&quot;,&quot;background_slideshow_gallery&quot;:[{&quot;id&quot;:3463,&quot;url&quot;:&quot;https:\\\/\\\/newweb.mirex.gob.do\\\/wp-content\\\/uploads\\\/2021\\\/08\\\/sliderservicios-4-2.png&quot;}],&quot;background_slideshow_slide_duration&quot;:5000,&quot;background_slideshow_slide_transition&quot;:&quot;fade&quot;,&quot;background_slideshow_transition_duration&quot;:500}\">\n\t\t\t\t\t\t\t<div class=\"elementor-background-overlay\"><\/div>\n\t\t\t\t\t\t\t<div class=\"elementor-container elementor-column-gap-default\">\n\t\t\t\t\t<div class=\"elementor-column elementor-col-100 elementor-top-column elementor-element elementor-element-c9a19e4\" data-id=\"c9a19e4\" data-element_type=\"column\">\n\t\t\t<div class=\"elementor-widget-wrap elementor-element-populated\">\n\t\t\t\t\t\t<div class=\"elementor-element elementor-element-e15efb1 animated-slow elementor-widget-mobile__width-initial elementor-invisible elementor-widget elementor-widget-heading\" data-id=\"e15efb1\" data-element_type=\"widget\" data-settings=\"{&quot;_animation&quot;:&quot;fadeInRight&quot;}\" data-widget_type=\"heading.default\">\n\t\t\t\t<div class=\"elementor-widget-container\">\n\t\t\t<h2 class=\"elementor-heading-title elementor-size-default\">PREGUNTAS <br>FRECUENTES<\/h2>\t\t<\/div>\n\t\t\t\t<\/div>\n\t\t\t\t<div class=\"elementor-element elementor-element-8c1c4f6 animated-slow elementor-widget-divider--view-line elementor-invisible elementor-widget elementor-widget-divider\" data-id=\"8c1c4f6\" data-element_type=\"widget\" data-settings=\"{&quot;_animation&quot;:&quot;fadeInRight&quot;,&quot;_animation_delay&quot;:200}\" data-widget_type=\"divider.default\">\n\t\t\t\t<div class=\"elementor-widget-container\">\n\t\t\t\t\t<div class=\"elementor-divider\">\n\t\t\t<span class=\"elementor-divider-separator\">\n\t\t\t\t\t\t<\/span>\n\t\t<\/div>\n\t\t\t\t<\/div>\n\t\t\t\t<\/div>\n\t\t\t\t\t<\/div>\n\t\t<\/div>\n\t\t\t\t\t<\/div>\n\t\t<\/section>\n\t\t\t\t<section class=\"elementor-section elementor-top-section elementor-element elementor-element-8e48c0e breadcrumbs elementor-section-boxed elementor-section-height-default elementor-section-height-default wpr-particle-no wpr-jarallax-no wpr-parallax-no wpr-sticky-section-no\" data-id=\"8e48c0e\" data-element_type=\"section\" data-settings=\"{&quot;background_background&quot;:&quot;classic&quot;}\">\n\t\t\t\t\t\t<div class=\"elementor-container elementor-column-gap-default\">\n\t\t\t\t\t<div class=\"elementor-column elementor-col-100 elementor-top-column elementor-element elementor-element-393a418\" data-id=\"393a418\" data-element_type=\"column\">\n\t\t\t<div class=\"elementor-widget-wrap elementor-element-populated\">\n\t\t\t\t\t\t<div class=\"elementor-element elementor-element-97daaa4 elementor-widget elementor-widget-text-editor\" data-id=\"97daaa4\" data-element_type=\"widget\" data-widget_type=\"text-editor.default\">\n\t\t\t\t<div class=\"elementor-widget-container\">\n\t\t\t\t\t\t\t<div class=\"breadcrumbs\"><strong>Est\u00e1s aqu\u00ed: <\/strong><a class=\"crumb-inactive\" href=\"\/\"><i class=\"fas fa-home\"><\/i> Inicio<\/a> \u00bb <span class=\"crumb-active\">Preguntas Frecuentes<\/span><\/div>\t\t\t\t\t\t<\/div>\n\t\t\t\t<\/div>\n\t\t\t\t\t<\/div>\n\t\t<\/div>\n\t\t\t\t\t<\/div>\n\t\t<\/section>\n\t\t\t\t<section class=\"elementor-section elementor-top-section elementor-element elementor-element-c12623b elementor-section-boxed elementor-section-height-default elementor-section-height-default wpr-particle-no wpr-jarallax-no wpr-parallax-no wpr-sticky-section-no\" data-id=\"c12623b\" data-element_type=\"section\">\n\t\t\t\t\t\t<div class=\"elementor-container elementor-column-gap-default\">\n\t\t\t\t\t<div class=\"elementor-column elementor-col-50 elementor-top-column elementor-element elementor-element-e1e9cca elementor-hidden-tablet elementor-hidden-mobile animated-slow\" data-id=\"e1e9cca\" data-element_type=\"column\" data-settings=\"{&quot;animation&quot;:&quot;none&quot;}\">\n\t\t\t<div class=\"elementor-widget-wrap elementor-element-populated\">\n\t\t\t\t\t\t<div class=\"elementor-element elementor-element-be58911 elementor-widget elementor-widget-heading\" data-id=\"be58911\" data-element_type=\"widget\" data-widget_type=\"heading.default\">\n\t\t\t\t<div class=\"elementor-widget-container\">\n\t\t\t<h6 class=\"elementor-heading-title elementor-size-default\">ENLACES DE LA SECCI\u00d3N<\/h6>\t\t<\/div>\n\t\t\t\t<\/div>\n\t\t\t\t<div class=\"elementor-element elementor-element-368a334 elementor-nav-menu__align-start elementor-nav-menu--stretch elementor-nav-menu--dropdown-tablet elementor-nav-menu__text-align-aside elementor-nav-menu--toggle elementor-nav-menu--burger elementor-widget elementor-widget-nav-menu\" data-id=\"368a334\" data-element_type=\"widget\" data-settings=\"{&quot;layout&quot;:&quot;vertical&quot;,&quot;full_width&quot;:&quot;stretch&quot;,&quot;submenu_icon&quot;:{&quot;value&quot;:&quot;&lt;i class=\\&quot;fas fa-caret-down\\&quot;&gt;&lt;\\\/i&gt;&quot;,&quot;library&quot;:&quot;fa-solid&quot;},&quot;toggle&quot;:&quot;burger&quot;}\" data-widget_type=\"nav-menu.default\">\n\t\t\t\t<div class=\"elementor-widget-container\">\n\t\t\t\t\t\t<nav class=\"elementor-nav-menu--main elementor-nav-menu__container elementor-nav-menu--layout-vertical e--pointer-background e--animation-fade\">\n\t\t\t\t<ul id=\"menu-1-368a334\" class=\"elementor-nav-menu sm-vertical\"><li class=\"menu-item menu-item-type-post_type menu-item-object-page menu-item-4233\"><a href=\"https:\/\/www.inesdyc.edu.do\/transparencia\/terminos-de-uso\/\" class=\"elementor-item menu-link\">T\u00e9rminos de uso<\/a><\/li>\n<li class=\"menu-item menu-item-type-post_type menu-item-object-page menu-item-4216\"><a href=\"https:\/\/www.inesdyc.edu.do\/transparencia\/politicas-de-privacidad\/\" class=\"elementor-item menu-link\">Pol\u00edticas de Privacidad<\/a><\/li>\n<li class=\"menu-item menu-item-type-post_type menu-item-object-page menu-item-4232\"><a href=\"https:\/\/www.inesdyc.edu.do\/transparencia\/preguntas-frecuentes\/\" class=\"elementor-item menu-link\">Preguntas Frecuentes<\/a><\/li>\n<\/ul>\t\t\t<\/nav>\n\t\t\t\t\t<div class=\"elementor-menu-toggle\" role=\"button\" tabindex=\"0\" aria-label=\"Alternar men\u00fa\" aria-expanded=\"false\">\n\t\t\t<i aria-hidden=\"true\" role=\"presentation\" class=\"elementor-menu-toggle__icon--open eicon-menu-bar\"><\/i><i aria-hidden=\"true\" role=\"presentation\" class=\"elementor-menu-toggle__icon--close eicon-close\"><\/i>\t\t\t<span class=\"elementor-screen-only\">Men\u00fa<\/span>\n\t\t<\/div>\n\t\t\t\t\t<nav class=\"elementor-nav-menu--dropdown elementor-nav-menu__container\" aria-hidden=\"true\">\n\t\t\t\t<ul id=\"menu-2-368a334\" class=\"elementor-nav-menu sm-vertical\"><li class=\"menu-item menu-item-type-post_type menu-item-object-page menu-item-4233\"><a href=\"https:\/\/www.inesdyc.edu.do\/transparencia\/terminos-de-uso\/\" class=\"elementor-item menu-link\" tabindex=\"-1\">T\u00e9rminos de uso<\/a><\/li>\n<li class=\"menu-item menu-item-type-post_type menu-item-object-page menu-item-4216\"><a href=\"https:\/\/www.inesdyc.edu.do\/transparencia\/politicas-de-privacidad\/\" class=\"elementor-item menu-link\" tabindex=\"-1\">Pol\u00edticas de Privacidad<\/a><\/li>\n<li class=\"menu-item menu-item-type-post_type menu-item-object-page menu-item-4232\"><a href=\"https:\/\/www.inesdyc.edu.do\/transparencia\/preguntas-frecuentes\/\" class=\"elementor-item menu-link\" tabindex=\"-1\">Preguntas Frecuentes<\/a><\/li>\n<\/ul>\t\t\t<\/nav>\n\t\t\t\t<\/div>\n\t\t\t\t<\/div>\n\t\t\t\t\t<\/div>\n\t\t<\/div>\n\t\t\t\t<div class=\"elementor-column elementor-col-50 elementor-top-column elementor-element elementor-element-15b3942 elementor-invisible\" data-id=\"15b3942\" data-element_type=\"column\" data-settings=\"{&quot;background_background&quot;:&quot;classic&quot;,&quot;animation&quot;:&quot;fadeInUp&quot;}\">\n\t\t\t<div class=\"elementor-widget-wrap elementor-element-populated\">\n\t\t\t\t\t\t<div class=\"elementor-element elementor-element-3c98e8c elementor-share-buttons--skin-boxed elementor-share-buttons--color-custom elementor-share-buttons--view-icon elementor-share-buttons--shape-rounded elementor-share-buttons--align-right elementor-grid-0 elementor-widget elementor-widget-share-buttons\" data-id=\"3c98e8c\" data-element_type=\"widget\" data-widget_type=\"share-buttons.default\">\n\t\t\t\t<div class=\"elementor-widget-container\">\n\t\t\t\t\t<div class=\"elementor-grid\">\n\t\t\t\t\t\t\t\t<div class=\"elementor-grid-item\">\n\t\t\t\t\t\t<div\n\t\t\t\t\t\t\tclass=\"elementor-share-btn elementor-share-btn_print\"\n\t\t\t\t\t\t\trole=\"button\"\n\t\t\t\t\t\t\ttabindex=\"0\"\n\t\t\t\t\t\t\taria-label=\"Compartir en print\"\n\t\t\t\t\t\t>\n\t\t\t\t\t\t\t\t\t\t\t\t\t\t\t<span class=\"elementor-share-btn__icon\">\n\t\t\t\t\t\t\t\t<i class=\"fas fa-print\" aria-hidden=\"true\"><\/i>\t\t\t\t\t\t\t<\/span>\n\t\t\t\t\t\t\t\t\t\t\t\t\t\t\t\t\t\t\t\t<\/div>\n\t\t\t\t\t<\/div>\n\t\t\t\t\t\t\t\t\t<div class=\"elementor-grid-item\">\n\t\t\t\t\t\t<div\n\t\t\t\t\t\t\tclass=\"elementor-share-btn elementor-share-btn_email\"\n\t\t\t\t\t\t\trole=\"button\"\n\t\t\t\t\t\t\ttabindex=\"0\"\n\t\t\t\t\t\t\taria-label=\"Compartir en email\"\n\t\t\t\t\t\t>\n\t\t\t\t\t\t\t\t\t\t\t\t\t\t\t<span class=\"elementor-share-btn__icon\">\n\t\t\t\t\t\t\t\t<i class=\"fas fa-envelope\" aria-hidden=\"true\"><\/i>\t\t\t\t\t\t\t<\/span>\n\t\t\t\t\t\t\t\t\t\t\t\t\t\t\t\t\t\t\t\t<\/div>\n\t\t\t\t\t<\/div>\n\t\t\t\t\t\t<\/div>\n\t\t\t\t<\/div>\n\t\t\t\t<\/div>\n\t\t\t\t<div class=\"elementor-element elementor-element-6d2e1d1 elementor-widget elementor-widget-text-editor\" data-id=\"6d2e1d1\" data-element_type=\"widget\" data-widget_type=\"text-editor.default\">\n\t\t\t\t<div class=\"elementor-widget-container\">\n\t\t\t\t\t\t\t<ol><li>\u00bfCual es el horario de atenci\u00f3n?<br \/><br \/>De lunes a viernes de 8:00 am a 4:00 pm<\/li><li>\u00bf Tienen alg\u00fan costo los programas formativos?<br \/><br \/>Es gratis para \u00a0los funcionarios del Ministerio de Relaciones Exteriores (MIREX) y el servicio exterior<br \/><br \/><\/li><li>\u00bfCu\u00e1les son los requisitos para participar en los cursos que se imparten en el INESDYC?<\/li><\/ol><ul><li>Llenar formulario de Educaci\u00f3n Continua debidamente completado<\/li><li>Copia de la C\u00e9dula de identidad y electoral<\/li><li>Carta de intenci\u00f3n dirigida al Rector Dr. Jos\u00e9 Rafael Espaillat<\/li><\/ul><p>\u00a0 \u00a0 \u00a0 \u00a04. \u00bfFecha apertura de los postgrados?<\/p><ul><li>Las convocatorias desde sus inicios se publican en la p\u00e1gina institucional web y en las \u00a0redes sociales, por lo que le exhortamos estar pendiente de estas publicaciones.<\/li><\/ul><p>\u00a0 \u00a0 \u00a0 \u00a05. \u00bfCu\u00e1les idiomas imparten y duraci\u00f3n de estos?<\/p><ul style=\"font-weight: 400;\"><li>Creole, Espa\u00f1ol como Segunda Lengua, Franc\u00e9s, Ingl\u00e9s, Lengua de Se\u00f1as y Portugu\u00e9s.\u00a0 Los niveles son cuatrimestrales<\/li><\/ul><p>\u00a0 \u00a0 \u00a0 \u00a06. \u00bfCu\u00e1l es la modalidad de las clases?<\/p><ul style=\"font-weight: 400;\"><li>Modalidad Virtual en su mayor\u00eda<\/li><\/ul><div>\u00a0<\/div><div><p>\u00a0 \u00a0 \u00a0 \u00a07. \u00bfA qui\u00e9n aplica la ley 200-04 de Libre Acceso a la Informaci\u00f3n P\u00fablica?\u00a0 \u00a0 \u00a0 \u00a0<\/p><p style=\"font-weight: 400;\">\u00a0 \u00a0 \u00a0 \u00a0 \u00a0 \u00a0Aplica para cualquier \u00f3rgano del Estado dominicano y de todas las sociedades an\u00f3nimas, compa\u00f1\u00edas an\u00f3nimas o compa\u00f1\u00edas por acciones con participaci\u00f3n estatal, incluyendo:<\/p><ul><li>Organismos y entidades de la administraci\u00f3n p\u00fablica centralizada;<\/li><li>Organismos y entidades aut\u00f3nomas y\/o descentralizadas del Estado, incluyendo el Distrito Nacional y los organismos municipales;<\/li><li>Organismos y entidades aut\u00e1rquicos y\/o descentralizados del Estado;<\/li><li>\u00a0Empresas y sociedades comerciales propiedad del Estado;<\/li><li>Sociedades an\u00f3nimas, compa\u00f1\u00edas an\u00f3nimas y compa\u00f1\u00edas por acciones con participaci\u00f3n estatal;<\/li><li>Organismos e instituciones de derecho privado que reciban recursos provenientes del Presupuesto Nacional para la consecuci\u00f3n de sus fines;<\/li><li>El Poder Legislativo, en cuanto a sus actividades administrativas;<\/li><li>El Poder Judicial, en cuanto a sus actividades administrativas.<\/li><\/ul><p>\u00a0 \u00a0 \u00a0 \u00a08. \u00bfEl acceso a la informaci\u00f3n es gratuito?<\/p><p style=\"font-weight: 400;\">\u00a0 \u00a0 \u00a0 \u00a0 \u00a0 El acceso p\u00fablico a la informaci\u00f3n es gratuito en tanto no se requiera la reproducci\u00f3n de la misma. En todo caso las tarifas cobradas por las instituciones deber\u00e1n ser razonables y calculadas, tomando como base el costo del suministro de la informaci\u00f3n.<\/p><p>\u00a0 \u00a0 \u00a0 \u00a0 9. \u00bfEn qu\u00e9 tiempo voy a recibir la informaci\u00f3n solicitada?<\/p><p style=\"font-weight: 400;\">\u00a0 \u00a0 \u00a0 \u00a0 \u00a0 Toda solicitud de informaci\u00f3n requerida en los t\u00e9rminos de la ley No. 200-04, debe ser satisfecha en un plazo no mayor de quince (15) d\u00edas h\u00e1biles. El plazo se podr\u00e1 prorrogar en forma excepcional por otros diez (10) d\u00edas h\u00e1biles en los casos que medien circunstancias que hagan dif\u00edcil reunir la informaci\u00f3n solicitada.<\/p><\/div><div>\u00a0<\/div><p style=\"font-weight: 400;\">\u00a0<\/p>\t\t\t\t\t\t<\/div>\n\t\t\t\t<\/div>\n\t\t\t\t\t<\/div>\n\t\t<\/div>\n\t\t\t\t\t<\/div>\n\t\t<\/section>\n\t\t\t\t<\/div>\n\t\t","protected":false},"excerpt":{"rendered":"<p>PREGUNTAS FRECUENTES Est\u00e1s aqu\u00ed: Inicio \u00bb Preguntas Frecuentes ENLACES DE LA SECCI\u00d3N \u00bfCual es el horario de atenci\u00f3n? De lunes a viernes de 8:00 am a 4:00 pm \u00bf Tienen alg\u00fan costo los programas formativos? Es gratis para \u00a0los funcionarios del Ministerio de Relaciones Exteriores (MIREX) y el servicio exterior \u00bfCu\u00e1les son los requisitos para participar en los cursos que se imparten en el INESDYC? Llenar formulario de Educaci\u00f3n Continua debidamente completado Copia de la C\u00e9dula de identidad y electoral Carta de intenci\u00f3n dirigida al Rector Dr. Jos\u00e9 Rafael Espaillat \u00a0 \u00a0 \u00a0 \u00a04. \u00bfFecha apertura de los postgrados? Las convocatorias desde sus inicios se publican en la p\u00e1gina institucional web y en las \u00a0redes sociales, por lo que le exhortamos estar pendiente de estas publicaciones. \u00a0 \u00a0 \u00a0 \u00a05. \u00bfCu\u00e1les idiomas imparten y duraci\u00f3n de estos? Creole, Espa\u00f1ol como Segunda Lengua, Franc\u00e9s, Ingl\u00e9s, Lengua de Se\u00f1as y Portugu\u00e9s.\u00a0 Los niveles son cuatrimestrales \u00a0 \u00a0 \u00a0 \u00a06. \u00bfCu\u00e1l es la modalidad de las clases? Modalidad Virtual en su mayor\u00eda \u00a0 \u00a0 \u00a0 \u00a0 \u00a07. \u00bfA qui\u00e9n aplica la ley 200-04 de Libre Acceso a la Informaci\u00f3n P\u00fablica?\u00a0 \u00a0 \u00a0 \u00a0 \u00a0 \u00a0 \u00a0 \u00a0 \u00a0 \u00a0Aplica para cualquier \u00f3rgano del Estado dominicano y de todas las sociedades an\u00f3nimas, compa\u00f1\u00edas an\u00f3nimas o compa\u00f1\u00edas por acciones con participaci\u00f3n estatal, incluyendo: Organismos y entidades de la administraci\u00f3n p\u00fablica centralizada; Organismos y entidades aut\u00f3nomas y\/o descentralizadas del Estado, incluyendo el Distrito Nacional y los organismos municipales; Organismos y entidades aut\u00e1rquicos y\/o descentralizados del Estado; \u00a0Empresas y sociedades comerciales propiedad del Estado; Sociedades an\u00f3nimas, compa\u00f1\u00edas an\u00f3nimas y compa\u00f1\u00edas por acciones con participaci\u00f3n estatal; Organismos e instituciones de derecho privado que reciban recursos provenientes del Presupuesto Nacional para la consecuci\u00f3n de sus fines; El Poder Legislativo, en cuanto a sus actividades administrativas; El Poder Judicial, en cuanto a sus actividades administrativas. \u00a0 \u00a0 \u00a0 \u00a08. \u00bfEl acceso a la informaci\u00f3n es gratuito? \u00a0 \u00a0 \u00a0 \u00a0 \u00a0 El acceso p\u00fablico a la informaci\u00f3n es gratuito en tanto no se requiera la reproducci\u00f3n de la misma. En todo caso las tarifas cobradas por las instituciones deber\u00e1n ser razonables y calculadas, tomando como base el costo del suministro de la informaci\u00f3n. \u00a0 \u00a0 \u00a0 \u00a0 9. \u00bfEn qu\u00e9 tiempo voy a recibir la informaci\u00f3n solicitada? \u00a0 \u00a0 \u00a0 \u00a0 \u00a0 Toda solicitud de informaci\u00f3n requerida en los t\u00e9rminos de la ley No. 200-04, debe ser satisfecha en un plazo no mayor de quince (15) d\u00edas h\u00e1biles. El plazo se podr\u00e1 prorrogar en forma excepcional por otros diez (10) d\u00edas h\u00e1biles en los casos que medien circunstancias que hagan dif\u00edcil reunir la informaci\u00f3n solicitada. \u00a0 \u00a0<\/p>\n","protected":false},"author":1,"featured_media":0,"parent":0,"menu_order":0,"comment_status":"closed","ping_status":"closed","template":"","meta":{"inline_featured_image":false,"_monsterinsights_skip_tracking":false,"_monsterinsights_sitenote_active":false,"_monsterinsights_sitenote_note":"","_monsterinsights_sitenote_category":0,"site-sidebar-layout":"no-sidebar","site-content-layout":"page-builder","ast-site-content-layout":"","site-content-style":"default","site-sidebar-style":"default","ast-global-header-display":"","ast-banner-title-visibility":"","ast-main-header-display":"","ast-hfb-above-header-display":"","ast-hfb-below-header-display":"","ast-hfb-mobile-header-display":"","site-post-title":"disabled","ast-breadcrumbs-content":"","ast-featured-img":"disabled","footer-sml-layout":"","theme-transparent-header-meta":"default","adv-header-id-meta":"","stick-header-meta":"","header-above-stick-meta":"","header-main-stick-meta":"","header-below-stick-meta":"","astra-migrate-meta-layouts":"default","ast-page-background-enabled":"default","ast-page-background-meta":{"desktop":{"background-color":"","background-image":"","background-repeat":"repeat","background-position":"center center","background-size":"auto","background-attachment":"scroll","background-type":"","background-media":"","overlay-type":"","overlay-color":"","overlay-opacity":"","overlay-gradient":""},"tablet":{"background-color":"","background-image":"","background-repeat":"repeat","background-position":"center center","background-size":"auto","background-attachment":"scroll","background-type":"","background-media":"","overlay-type":"","overlay-color":"","overlay-opacity":"","overlay-gradient":""},"mobile":{"background-color":"","background-image":"","background-repeat":"repeat","background-position":"center center","background-size":"auto","background-attachment":"scroll","background-type":"","background-media":"","overlay-type":"","overlay-color":"","overlay-opacity":"","overlay-gradient":""}},"ast-content-background-meta":{"desktop":{"background-color":"var(--ast-global-color-5)","background-image":"","background-repeat":"repeat","background-position":"center center","background-size":"auto","background-attachment":"scroll","background-type":"","background-media":"","overlay-type":"","overlay-color":"","overlay-opacity":"","overlay-gradient":""},"tablet":{"background-color":"var(--ast-global-color-5)","background-image":"","background-repeat":"repeat","background-position":"center center","background-size":"auto","background-attachment":"scroll","background-type":"","background-media":"","overlay-type":"","overlay-color":"","overlay-opacity":"","overlay-gradient":""},"mobile":{"background-color":"var(--ast-global-color-5)","background-image":"","background-repeat":"repeat","background-position":"center center","background-size":"auto","background-attachment":"scroll","background-type":"","background-media":"","overlay-type":"","overlay-color":"","overlay-opacity":"","overlay-gradient":""}},"footnotes":""},"categories":[],"tags":[],"aioseo_notices":[],"_links":{"self":[{"href":"https:\/\/www.inesdyc.edu.do\/transparencia\/wp-json\/wp\/v2\/pages\/4228"}],"collection":[{"href":"https:\/\/www.inesdyc.edu.do\/transparencia\/wp-json\/wp\/v2\/pages"}],"about":[{"href":"https:\/\/www.inesdyc.edu.do\/transparencia\/wp-json\/wp\/v2\/types\/page"}],"author":[{"embeddable":true,"href":"https:\/\/www.inesdyc.edu.do\/transparencia\/wp-json\/wp\/v2\/users\/1"}],"replies":[{"embeddable":true,"href":"https:\/\/www.inesdyc.edu.do\/transparencia\/wp-json\/wp\/v2\/comments?post=4228"}],"version-history":[{"count":79,"href":"https:\/\/www.inesdyc.edu.do\/transparencia\/wp-json\/wp\/v2\/pages\/4228\/revisions"}],"predecessor-version":[{"id":27784,"href":"https:\/\/www.inesdyc.edu.do\/transparencia\/wp-json\/wp\/v2\/pages\/4228\/revisions\/27784"}],"wp:attachment":[{"href":"https:\/\/www.inesdyc.edu.do\/transparencia\/wp-json\/wp\/v2\/media?parent=4228"}],"wp:term":[{"taxonomy":"category","embeddable":true,"href":"https:\/\/www.inesdyc.edu.do\/transparencia\/wp-json\/wp\/v2\/categories?post=4228"},{"taxonomy":"post_tag","embeddable":true,"href":"https:\/\/www.inesdyc.edu.do\/transparencia\/wp-json\/wp\/v2\/tags?post=4228"}],"curies":[{"name":"wp","href":"https:\/\/api.w.org\/{rel}","templated":true}]}}